{"id":847,"date":"2025-12-04T21:22:30","date_gmt":"2025-12-04T21:22:30","guid":{"rendered":"https:\/\/newmecfittings.com\/certificazioni\/"},"modified":"2026-02-10T08:55:46","modified_gmt":"2026-02-10T08:55:46","slug":"certificaciones","status":"publish","type":"page","link":"https:\/\/newmecfittings.com\/es\/certificaciones\/","title":{"rendered":"Certificaciones"},"content":{"rendered":"<p>[et_pb_section fb_built=\u00bb1&#8243; _builder_version=\u00bb4.20.0&#8243; _module_preset=\u00bbdefault\u00bb background_color=\u00bb#FFFFFF\u00bb background_enable_image=\u00bboff\u00bb custom_padding=\u00bb0px||7px|||\u00bb border_width_top=\u00bb5px\u00bb border_color_top=\u00bb#FFFFFF\u00bb locked=\u00bboff\u00bb global_colors_info=\u00bb{}\u00bb][et_pb_row column_structure=\u00bb3_4,1_4&#8243; use_custom_gutter=\u00bbon\u00bb make_equal=\u00bbon\u00bb _builder_version=\u00bb4.20.0&#8243; _module_preset=\u00bbdefault\u00bb width=\u00bb85%\u00bb max_width=\u00bb1200px\u00bb module_alignment=\u00bbcenter\u00bb global_colors_info=\u00bb{}\u00bb][et_pb_column type=\u00bb3_4&#8243; _builder_version=\u00bb4.20.0&#8243; _module_preset=\u00bbdefault\u00bb custom_padding=\u00bb30px||||false|false\u00bb animation_style=\u00bbslide\u00bb animation_direction=\u00bbleft\u00bb global_colors_info=\u00bb{}\u00bb][et_pb_text _builder_version=\u00bb4.27.5&#8243; _module_preset=\u00bbdefault\u00bb text_font=\u00bbMontserrat|900||on|||||\u00bb text_text_color=\u00bb#000000&#8243; text_font_size=\u00bb29px\u00bb text_line_height=\u00bb1.2em\u00bb global_colors_info=\u00bb{}\u00bb]<\/p>\n<p>Nuestras Certificaciones<\/p>\n<p>[\/et_pb_text][et_pb_text _builder_version=\u00bb4.27.5&#8243; _module_preset=\u00bbdefault\u00bb text_font=\u00bbMontserrat||||||||\u00bb text_text_color=\u00bb#000000&#8243; text_font_size=\u00bb16px\u00bb global_colors_info=\u00bb{}\u00bb]<\/p>\n<p data-start=\"899\" data-end=\"1350\">A lo largo de nuestro camino de crecimiento siempre hemos dado gran importancia a la calidad, la seguridad y la fiabilidad de nuestros procesos. Por ello, con el tiempo, hemos obtenido certificaciones que no representan solo un logro, sino la expresi\u00f3n concreta de nuestro compromiso diario.<br data-start=\"1190\" data-end=\"1193\" \/>Nuestras certificaciones acreditan la competencia de nuestro equipo, la solidez de nuestros m\u00e9todos y la atenci\u00f3n constante hacia nuestros clientes y socios.<\/p>\n<p data-start=\"1352\" data-end=\"1777\" data-is-last-node=\"\" data-is-only-node=\"\">Cada auditor\u00eda superada, cada est\u00e1ndar cumplido y cada procedimiento mejorado demuestran nuestra voluntad de evolucionar, perfeccionarnos y garantizar un servicio que est\u00e9 siempre a la altura de las expectativas.<br data-start=\"1564\" data-end=\"1567\" \/>Y es precisamente gracias a esta dedicaci\u00f3n que seguimos siendo elegidos por un n\u00famero cada vez mayor de organizaciones que conf\u00edan en nuestra profesionalidad y en la transparencia de nuestra forma de trabajar.<\/p>\n<p>[\/et_pb_text][\/et_pb_column][et_pb_column type=\u00bb1_4&#8243; _builder_version=\u00bb4.20.0&#8243; _module_preset=\u00bbdefault\u00bb animation_style=\u00bbslide\u00bb animation_direction=\u00bbright\u00bb global_colors_info=\u00bb{}\u00bb][et_pb_blurb title=\u00bbISO 9001 2015&#8243; use_icon=\u00bbon\u00bb font_icon=\u00bb&#xf1c1;||fa||900&#8243; icon_color=\u00bb#000000&#8243; image_icon_background_color=\u00bbRGBA(255,255,255,0)\u00bb _builder_version=\u00bb4.20.0&#8243; _module_preset=\u00bbdefault\u00bb header_font=\u00bb|700|||||||\u00bb header_text_align=\u00bbcenter\u00bb header_text_color=\u00bb#000000&#8243; body_text_align=\u00bbcenter\u00bb body_text_color=\u00bb#FFFFFF\u00bb custom_margin=\u00bb||0px||false|false\u00bb global_colors_info=\u00bb{}\u00bb][\/et_pb_blurb][et_pb_button button_url=\u00bbhttps:\/\/newmecfittings.com\/wp-content\/uploads\/2025\/12\/Certificate-IT330589-NEW-MEC-FITTINGS-S.R.L-9001-ENG.pdf\u00bb url_new_window=\u00bbon\u00bb button_text=\u00bbDescargar el PDF\u00bb button_alignment=\u00bbcenter\u00bb _builder_version=\u00bb4.27.5&#8243; _module_preset=\u00bbdefault\u00bb custom_button=\u00bbon\u00bb button_text_size=\u00bb13px\u00bb button_text_color=\u00bb#000000&#8243; locked=\u00bboff\u00bb global_colors_info=\u00bb{}\u00bb button_text_color__hover_enabled=\u00bbon|desktop\u00bb button_text_color__hover=\u00bb#FFFFFF\u00bb][\/et_pb_button][et_pb_blurb title=\u00bbCERTIFICADO DE <br \/>EVALUACI\u00d3N DE MATERIALES\u00bb use_icon=\u00bbon\u00bb font_icon=\u00bb&#xf1c1;||fa||900&#8243; icon_color=\u00bb#000000&#8243; _builder_version=\u00bb4.27.5&#8243; _module_preset=\u00bbdefault\u00bb header_font=\u00bb|700|||||||\u00bb header_text_align=\u00bbcenter\u00bb header_text_color=\u00bb#000000&#8243; body_text_align=\u00bbcenter\u00bb body_text_color=\u00bb#FFFFFF\u00bb body_link_font=\u00bb|||on|||||\u00bb body_link_text_color=\u00bb#FFFFFF\u00bb custom_margin=\u00bb||0px||false|false\u00bb link_option_url=\u00bbhttps:\/\/newmecfittings.com\/wp-content\/uploads\/2026\/02\/Attestato-Valutazione-Materiali-Nr.-IT330589-PED-4.3-aggiornato.pdf\u00bb link_option_url_new_window=\u00bbon\u00bb hover_enabled=\u00bb0&#8243; global_colors_info=\u00bb{}\u00bb sticky_enabled=\u00bb0&#8243;][\/et_pb_blurb][et_pb_button button_url=\u00bbhttps:\/\/newmecfittings.com\/wp-content\/uploads\/2026\/02\/Attestato-Valutazione-Materiali-Nr.-IT330589-PED-4.3-aggiornato.pdf\u00bb url_new_window=\u00bbon\u00bb button_text=\u00bbDescargar el PDF\u00bb button_alignment=\u00bbcenter\u00bb _builder_version=\u00bb4.27.5&#8243; _module_preset=\u00bbdefault\u00bb custom_button=\u00bbon\u00bb button_text_size=\u00bb13px\u00bb button_text_color=\u00bb#000000&#8243; hover_enabled=\u00bb0&#8243; locked=\u00bboff\u00bb global_colors_info=\u00bb{}\u00bb button_text_color__hover_enabled=\u00bbon|desktop\u00bb button_text_color__hover=\u00bb#FFFFFF\u00bb custom_padding__hover_enabled=\u00bbon|desktop\u00bb sticky_enabled=\u00bb0&#8243;][\/et_pb_button][\/et_pb_column][\/et_pb_row][\/et_pb_section][et_pb_section fb_built=\u00bb1&#8243; _builder_version=\u00bb4.20.0&#8243; _module_preset=\u00bbdefault\u00bb background_color=\u00bb#448ecc\u00bb background_enable_image=\u00bboff\u00bb custom_padding=\u00bb||0px||false|false\u00bb border_width_top=\u00bb5px\u00bb border_color_top=\u00bb#FFFFFF\u00bb locked=\u00bboff\u00bb global_colors_info=\u00bb{}\u00bb][et_pb_row column_structure=\u00bb1_3,1_3,1_3&#8243; use_custom_gutter=\u00bbon\u00bb _builder_version=\u00bb4.20.0&#8243; _module_preset=\u00bbdefault\u00bb width=\u00bb85%\u00bb max_width=\u00bb1200px\u00bb animation_style=\u00bbslide\u00bb global_colors_info=\u00bb{}\u00bb][et_pb_column type=\u00bb1_3&#8243; _builder_version=\u00bb4.20.0&#8243; _module_preset=\u00bbdefault\u00bb global_colors_info=\u00bb{}\u00bb][et_pb_image src=\u00bbhttps:\/\/newmecfittings.com\/wp-content\/uploads\/2025\/12\/NEW-MEC-logo-new-2.png\u00bb _builder_version=\u00bb4.20.0&#8243; _module_preset=\u00bbdefault\u00bb background_enable_color=\u00bboff\u00bb width=\u00bb70%\u00bb global_colors_info=\u00bb{}\u00bb][\/et_pb_image][et_pb_text _builder_version=\u00bb4.20.0&#8243; _module_preset=\u00bbdefault\u00bb text_text_color=\u00bb#FFFFFF\u00bb link_text_color=\u00bb#FFFFFF\u00bb global_colors_info=\u00bb{}\u00bb]<\/p>\n<p><span>New Mec Fittings s.r.l<\/span><br \/>P.IVA 02185610025<\/p>\n<p><a href=\"https:\/\/newmecfittings.com\/es\/privacy-policy\/\">Privacy Policy<\/a><br \/><a href=\"https:\/\/newmecfittings.com\/es\/cookie-policy\/\">Cookie Policy<\/a><\/p>\n<p>[\/et_pb_text][\/et_pb_column][et_pb_column type=\u00bb1_3&#8243; _builder_version=\u00bb4.20.0&#8243; _module_preset=\u00bbdefault\u00bb global_colors_info=\u00bb{}\u00bb][et_pb_text _builder_version=\u00bb4.20.0&#8243; _module_preset=\u00bbdefault\u00bb text_font=\u00bbMontserrat|800||on|||||\u00bb text_text_color=\u00bb#000000&#8243; text_font_size=\u00bb17px\u00bb global_colors_info=\u00bb{}\u00bb]<\/p>\n<p>Cont\u00e1ctanos<\/p>\n<p>[\/et_pb_text][et_pb_text _builder_version=\u00bb4.20.0&#8243; _module_preset=\u00bbdefault\u00bb text_text_color=\u00bb#FFFFFF\u00bb link_text_color=\u00bb#FFFFFF\u00bb global_colors_info=\u00bb{}\u00bb]<\/p>\n<p>SEDE : <a href=\"https:\/\/www.google.com\/maps\/place\/New+Mec+Fittings+S.r.l.\/@45.695249,8.798829,12z\/data=!4m6!3m5!1s0x47868823b368d22d:0x8977ab86d3067e04!8m2!3d45.6952491!4d8.7988286!16s%2Fg%2F11gbf9cfnx?hl=it&amp;entry=ttu&amp;g_ep=EgoyMDI1MTIwOC4wIKXMDSoASAFQAw%3D%3D\" target=\"_blank\" rel=\"noopener\">Via Goffredo Mameli, 147A, Cavaria con Premezzo (VA)<\/a><\/p>\n<p>EMAIL : <a href=\"mailto:info@newmecfittings.it\" target=\"_blank\" rel=\"noopener\">info@newmecfittings.it<\/a><\/p>\n<p>TEL<span>\u00c9<\/span>FONO : <a href=\"tel:+390331219950\">+39 0331219950<\/a><\/p>\n<p>FAX : +39 0331217214<\/p>\n<p>[\/et_pb_text][\/et_pb_column][et_pb_column type=\u00bb1_3&#8243; _builder_version=\u00bb4.20.0&#8243; _module_preset=\u00bbdefault\u00bb global_colors_info=\u00bb{}\u00bb][et_pb_text _builder_version=\u00bb4.20.0&#8243; _module_preset=\u00bbdefault\u00bb text_font=\u00bbMontserrat|800||on|||||\u00bb text_text_color=\u00bb#000000&#8243; text_font_size=\u00bb17px\u00bb global_colors_info=\u00bb{}\u00bb]<\/p>\n<p>Perfiles<\/p>\n<p>[\/et_pb_text][et_pb_blurb title=\u00bbCompany\u00bb url=\u00bbhttps:\/\/www.linkedin.com\/company\/new-mec-fittings-srl\/\u00bb use_icon=\u00bbon\u00bb font_icon=\u00bb&#xe0cb;||divi||400&#8243; icon_color=\u00bb#FFFFFF\u00bb image_icon_background_color=\u00bb#000000&#8243; icon_placement=\u00bbleft\u00bb image_icon_width=\u00bb19px\u00bb _builder_version=\u00bb4.20.0&#8243; _module_preset=\u00bbdefault\u00bb header_text_color=\u00bb#FFFFFF\u00bb header_font_size=\u00bb16px\u00bb custom_margin=\u00bb||7px||false|false\u00bb global_colors_info=\u00bb{}\u00bb][\/et_pb_blurb][et_pb_blurb title=\u00bbLuca Freschi\u00bb use_icon=\u00bbon\u00bb font_icon=\u00bb&#xe0cb;||divi||400&#8243; icon_color=\u00bb#FFFFFF\u00bb image_icon_background_color=\u00bb#000000&#8243; icon_placement=\u00bbleft\u00bb image_icon_width=\u00bb19px\u00bb _builder_version=\u00bb4.20.0&#8243; _module_preset=\u00bbdefault\u00bb header_text_color=\u00bb#FFFFFF\u00bb header_font_size=\u00bb16px\u00bb custom_margin=\u00bb||7px||false|false\u00bb global_colors_info=\u00bb{}\u00bb][\/et_pb_blurb][et_pb_blurb title=\u00bbEdoardo Freschi\u00bb use_icon=\u00bbon\u00bb font_icon=\u00bb&#xe0cb;||divi||400&#8243; icon_color=\u00bb#FFFFFF\u00bb image_icon_background_color=\u00bb#000000&#8243; icon_placement=\u00bbleft\u00bb image_icon_width=\u00bb19px\u00bb _builder_version=\u00bb4.20.0&#8243; _module_preset=\u00bbdefault\u00bb header_text_color=\u00bb#FFFFFF\u00bb header_font_size=\u00bb16px\u00bb global_colors_info=\u00bb{}\u00bb][\/et_pb_blurb][\/et_pb_column][\/et_pb_row][et_pb_row use_custom_gutter=\u00bbon\u00bb make_equal=\u00bbon\u00bb _builder_version=\u00bb4.20.0&#8243; _module_preset=\u00bbdefault\u00bb background_enable_color=\u00bboff\u00bb width=\u00bb100%\u00bb max_width=\u00bb1500px\u00bb custom_padding=\u00bb0px||8px||false|false\u00bb global_colors_info=\u00bb{}\u00bb][et_pb_column type=\u00bb4_4&#8243; _builder_version=\u00bb4.20.0&#8243; _module_preset=\u00bbdefault\u00bb global_colors_info=\u00bb{}\u00bb][et_pb_divider color=\u00bb#FFFFFF\u00bb _builder_version=\u00bb4.20.0&#8243; _module_preset=\u00bbdefault\u00bb width=\u00bb80%\u00bb module_alignment=\u00bbcenter\u00bb custom_margin=\u00bb||-5px||false|false\u00bb global_colors_info=\u00bb{}\u00bb][\/et_pb_divider][et_pb_text _builder_version=\u00bb4.20.0&#8243; _module_preset=\u00bbdefault\u00bb text_text_color=\u00bb#FFFFFF\u00bb link_text_color=\u00bb#FFFFFF\u00bb text_orientation=\u00bbcenter\u00bb background_layout=\u00bbdark\u00bb global_colors_info=\u00bb{}\u00bb]<\/p>\n<p><span>\u00a9 Copyright <\/span><span>2025 | New Mec Fittings s.r.l &#8211; P.iva 02185610025<\/span>| All rights reserved | Developed by <strong><a href=\"https:\/\/admwebagency.it\/\" target=\"_blank\" rel=\"noopener\">ADM<\/a><\/strong><\/p>\n<p>[\/et_pb_text][\/et_pb_column][\/et_pb_row][\/et_pb_section]<\/p>\n","protected":false},"excerpt":{"rendered":"<p>Nuestras CertificacionesA lo largo de nuestro camino de crecimiento siempre hemos dado gran importancia a la calidad, la seguridad y la fiabilidad de nuestros procesos. Por ello, con el tiempo, hemos obtenido certificaciones que no representan solo un logro, sino la expresi\u00f3n concreta de nuestro compromiso diario.Nuestras certificaciones acreditan la competencia de nuestro equipo, la [&hellip;]<\/p>\n","protected":false},"author":1,"featured_media":0,"parent":0,"menu_order":0,"comment_status":"closed","ping_status":"closed","template":"","meta":{"_et_pb_use_builder":"on","_et_pb_old_content":"","_et_gb_content_width":"","footnotes":""},"class_list":["post-847","page","type-page","status-publish","hentry"],"yoast_head":"<!-- This site is optimized with the Yoast SEO plugin v26.7 - https:\/\/yoast.com\/wordpress\/plugins\/seo\/ -->\n<title>Certificaciones - newmecfittings.it<\/title>\n<meta name=\"robots\" content=\"index, follow, max-snippet:-1, max-image-preview:large, max-video-preview:-1\" \/>\n<link rel=\"canonical\" href=\"https:\/\/newmecfittings.com\/es\/certificaciones\/\" \/>\n<meta property=\"og:locale\" content=\"es_ES\" \/>\n<meta property=\"og:type\" content=\"article\" \/>\n<meta property=\"og:title\" content=\"Certificaciones - newmecfittings.it\" \/>\n<meta property=\"og:description\" content=\"Nuestras CertificacionesA lo largo de nuestro camino de crecimiento siempre hemos dado gran importancia a la calidad, la seguridad y la fiabilidad de nuestros procesos. Por ello, con el tiempo, hemos obtenido certificaciones que no representan solo un logro, sino la expresi\u00f3n concreta de nuestro compromiso diario.Nuestras certificaciones acreditan la competencia de nuestro equipo, la [&hellip;]\" \/>\n<meta property=\"og:url\" content=\"https:\/\/newmecfittings.com\/es\/certificaciones\/\" \/>\n<meta property=\"og:site_name\" content=\"newmecfittings.it\" \/>\n<meta property=\"article:modified_time\" content=\"2026-02-10T08:55:46+00:00\" \/>\n<meta name=\"twitter:card\" content=\"summary_large_image\" \/>\n<meta name=\"twitter:label1\" content=\"Tiempo de lectura\" \/>\n\t<meta name=\"twitter:data1\" content=\"2 minutos\" \/>\n<script type=\"application\/ld+json\" class=\"yoast-schema-graph\">{\"@context\":\"https:\/\/schema.org\",\"@graph\":[{\"@type\":\"WebPage\",\"@id\":\"https:\/\/newmecfittings.com\/es\/certificaciones\/\",\"url\":\"https:\/\/newmecfittings.com\/es\/certificaciones\/\",\"name\":\"Certificaciones - newmecfittings.it\",\"isPartOf\":{\"@id\":\"https:\/\/newmecfittings.com\/es\/#website\"},\"datePublished\":\"2025-12-04T21:22:30+00:00\",\"dateModified\":\"2026-02-10T08:55:46+00:00\",\"breadcrumb\":{\"@id\":\"https:\/\/newmecfittings.com\/es\/certificaciones\/#breadcrumb\"},\"inLanguage\":\"es\",\"potentialAction\":[{\"@type\":\"ReadAction\",\"target\":[\"https:\/\/newmecfittings.com\/es\/certificaciones\/\"]}]},{\"@type\":\"BreadcrumbList\",\"@id\":\"https:\/\/newmecfittings.com\/es\/certificaciones\/#breadcrumb\",\"itemListElement\":[{\"@type\":\"ListItem\",\"position\":1,\"name\":\"Home\",\"item\":\"https:\/\/newmecfittings.com\/es\/\"},{\"@type\":\"ListItem\",\"position\":2,\"name\":\"Certificaciones\"}]},{\"@type\":\"WebSite\",\"@id\":\"https:\/\/newmecfittings.com\/es\/#website\",\"url\":\"https:\/\/newmecfittings.com\/es\/\",\"name\":\"newmecfittings.it\",\"description\":\"\",\"publisher\":{\"@id\":\"https:\/\/newmecfittings.com\/es\/#organization\"},\"potentialAction\":[{\"@type\":\"SearchAction\",\"target\":{\"@type\":\"EntryPoint\",\"urlTemplate\":\"https:\/\/newmecfittings.com\/es\/?s={search_term_string}\"},\"query-input\":{\"@type\":\"PropertyValueSpecification\",\"valueRequired\":true,\"valueName\":\"search_term_string\"}}],\"inLanguage\":\"es\"},{\"@type\":\"Organization\",\"@id\":\"https:\/\/newmecfittings.com\/es\/#organization\",\"name\":\"newmecfittings.it\",\"url\":\"https:\/\/newmecfittings.com\/es\/\",\"logo\":{\"@type\":\"ImageObject\",\"inLanguage\":\"es\",\"@id\":\"https:\/\/newmecfittings.com\/es\/#\/schema\/logo\/image\/\",\"url\":\"https:\/\/newmecfittings.com\/wp-content\/uploads\/2025\/12\/NEW-MEC-logo-new-2.png\",\"contentUrl\":\"https:\/\/newmecfittings.com\/wp-content\/uploads\/2025\/12\/NEW-MEC-logo-new-2.png\",\"width\":400,\"height\":100,\"caption\":\"newmecfittings.it\"},\"image\":{\"@id\":\"https:\/\/newmecfittings.com\/es\/#\/schema\/logo\/image\/\"}}]}<\/script>\n<!-- \/ Yoast SEO plugin. -->","yoast_head_json":{"title":"Certificaciones - newmecfittings.it","robots":{"index":"index","follow":"follow","max-snippet":"max-snippet:-1","max-image-preview":"max-image-preview:large","max-video-preview":"max-video-preview:-1"},"canonical":"https:\/\/newmecfittings.com\/es\/certificaciones\/","og_locale":"es_ES","og_type":"article","og_title":"Certificaciones - newmecfittings.it","og_description":"Nuestras CertificacionesA lo largo de nuestro camino de crecimiento siempre hemos dado gran importancia a la calidad, la seguridad y la fiabilidad de nuestros procesos. Por ello, con el tiempo, hemos obtenido certificaciones que no representan solo un logro, sino la expresi\u00f3n concreta de nuestro compromiso diario.Nuestras certificaciones acreditan la competencia de nuestro equipo, la [&hellip;]","og_url":"https:\/\/newmecfittings.com\/es\/certificaciones\/","og_site_name":"newmecfittings.it","article_modified_time":"2026-02-10T08:55:46+00:00","twitter_card":"summary_large_image","twitter_misc":{"Tiempo de lectura":"2 minutos"},"schema":{"@context":"https:\/\/schema.org","@graph":[{"@type":"WebPage","@id":"https:\/\/newmecfittings.com\/es\/certificaciones\/","url":"https:\/\/newmecfittings.com\/es\/certificaciones\/","name":"Certificaciones - newmecfittings.it","isPartOf":{"@id":"https:\/\/newmecfittings.com\/es\/#website"},"datePublished":"2025-12-04T21:22:30+00:00","dateModified":"2026-02-10T08:55:46+00:00","breadcrumb":{"@id":"https:\/\/newmecfittings.com\/es\/certificaciones\/#breadcrumb"},"inLanguage":"es","potentialAction":[{"@type":"ReadAction","target":["https:\/\/newmecfittings.com\/es\/certificaciones\/"]}]},{"@type":"BreadcrumbList","@id":"https:\/\/newmecfittings.com\/es\/certificaciones\/#breadcrumb","itemListElement":[{"@type":"ListItem","position":1,"name":"Home","item":"https:\/\/newmecfittings.com\/es\/"},{"@type":"ListItem","position":2,"name":"Certificaciones"}]},{"@type":"WebSite","@id":"https:\/\/newmecfittings.com\/es\/#website","url":"https:\/\/newmecfittings.com\/es\/","name":"newmecfittings.it","description":"","publisher":{"@id":"https:\/\/newmecfittings.com\/es\/#organization"},"potentialAction":[{"@type":"SearchAction","target":{"@type":"EntryPoint","urlTemplate":"https:\/\/newmecfittings.com\/es\/?s={search_term_string}"},"query-input":{"@type":"PropertyValueSpecification","valueRequired":true,"valueName":"search_term_string"}}],"inLanguage":"es"},{"@type":"Organization","@id":"https:\/\/newmecfittings.com\/es\/#organization","name":"newmecfittings.it","url":"https:\/\/newmecfittings.com\/es\/","logo":{"@type":"ImageObject","inLanguage":"es","@id":"https:\/\/newmecfittings.com\/es\/#\/schema\/logo\/image\/","url":"https:\/\/newmecfittings.com\/wp-content\/uploads\/2025\/12\/NEW-MEC-logo-new-2.png","contentUrl":"https:\/\/newmecfittings.com\/wp-content\/uploads\/2025\/12\/NEW-MEC-logo-new-2.png","width":400,"height":100,"caption":"newmecfittings.it"},"image":{"@id":"https:\/\/newmecfittings.com\/es\/#\/schema\/logo\/image\/"}}]}},"_links":{"self":[{"href":"https:\/\/newmecfittings.com\/es\/wp-json\/wp\/v2\/pages\/847","targetHints":{"allow":["GET"]}}],"collection":[{"href":"https:\/\/newmecfittings.com\/es\/wp-json\/wp\/v2\/pages"}],"about":[{"href":"https:\/\/newmecfittings.com\/es\/wp-json\/wp\/v2\/types\/page"}],"author":[{"embeddable":true,"href":"https:\/\/newmecfittings.com\/es\/wp-json\/wp\/v2\/users\/1"}],"replies":[{"embeddable":true,"href":"https:\/\/newmecfittings.com\/es\/wp-json\/wp\/v2\/comments?post=847"}],"version-history":[{"count":6,"href":"https:\/\/newmecfittings.com\/es\/wp-json\/wp\/v2\/pages\/847\/revisions"}],"predecessor-version":[{"id":941,"href":"https:\/\/newmecfittings.com\/es\/wp-json\/wp\/v2\/pages\/847\/revisions\/941"}],"wp:attachment":[{"href":"https:\/\/newmecfittings.com\/es\/wp-json\/wp\/v2\/media?parent=847"}],"curies":[{"name":"wp","href":"https:\/\/api.w.org\/{rel}","templated":true}]}}