{"id":835,"date":"2025-12-17T13:35:28","date_gmt":"2025-12-17T13:35:28","guid":{"rendered":"https:\/\/newmecfittings.com\/prodotti\/"},"modified":"2026-01-27T08:02:56","modified_gmt":"2026-01-27T08:02:56","slug":"productos","status":"publish","type":"page","link":"https:\/\/newmecfittings.com\/es\/productos\/","title":{"rendered":"Productos"},"content":{"rendered":"<p>[et_pb_section fb_built=\u00bb1&#8243; _builder_version=\u00bb4.20.0&#8243; _module_preset=\u00bbdefault\u00bb background_color=\u00bb#448ecc\u00bb background_enable_image=\u00bboff\u00bb custom_padding=\u00bb50px||5px||false|false\u00bb locked=\u00bboff\u00bb global_colors_info=\u00bb{}\u00bb][et_pb_row column_structure=\u00bb1_2,1_2&#8243; _builder_version=\u00bb4.20.0&#8243; _module_preset=\u00bbdefault\u00bb width=\u00bb90%\u00bb max_width=\u00bb1500px\u00bb custom_padding=\u00bb||0px||false|false\u00bb global_colors_info=\u00bb{}\u00bb][et_pb_column type=\u00bb1_2&#8243; _builder_version=\u00bb4.20.0&#8243; _module_preset=\u00bbdefault\u00bb animation_style=\u00bbslide\u00bb animation_direction=\u00bbleft\u00bb global_colors_info=\u00bb{}\u00bb][et_pb_text _builder_version=\u00bb4.27.5&#8243; _module_preset=\u00bbdefault\u00bb text_font=\u00bbMontserrat|900|||||||\u00bb text_text_color=\u00bb#FFFFFF\u00bb text_font_size=\u00bb50px\u00bb text_line_height=\u00bb1.2em\u00bb custom_padding=\u00bb70px||||false|false\u00bb animation_style=\u00bbslide\u00bb animation_direction=\u00bbleft\u00bb animation_speed_curve=\u00bblinear\u00bb text_text_shadow_style=\u00bbpreset3&#8243; text_text_shadow_color=\u00bb#000000&#8243; global_colors_info=\u00bb{}\u00bb]<\/p>\n<p>NUESTROS PRODUCTOS<\/p>\n<p>[\/et_pb_text][et_pb_text _builder_version=\u00bb4.27.5&#8243; _module_preset=\u00bbdefault\u00bb text_font=\u00bbMontserrat|700|||||||\u00bb text_text_color=\u00bb#ccff00&#8243; text_font_size=\u00bb20px\u00bb text_line_height=\u00bb1.2em\u00bb animation_style=\u00bbslide\u00bb animation_direction=\u00bbleft\u00bb animation_speed_curve=\u00bblinear\u00bb text_font_size_tablet=\u00bb24px\u00bb text_font_size_phone=\u00bb20px\u00bb text_font_size_last_edited=\u00bbon|phone\u00bb locked=\u00bboff\u00bb global_colors_info=\u00bb{}\u00bb]<\/p>\n<p>Para los sectores Oil\/Gas, Energ\u00eda e Instalaciones Industriales.<\/p>\n<p>[\/et_pb_text][et_pb_text _builder_version=\u00bb4.27.5&#8243; _module_preset=\u00bbdefault\u00bb text_font=\u00bbMontserrat|900|||||||\u00bb text_text_color=\u00bb#FFFFFF\u00bb text_font_size=\u00bb35px\u00bb text_line_height=\u00bb1.2em\u00bb animation_style=\u00bbslide\u00bb animation_direction=\u00bbleft\u00bb animation_speed_curve=\u00bblinear\u00bb text_font_size_tablet=\u00bb35px\u00bb text_font_size_phone=\u00bb30px\u00bb text_font_size_last_edited=\u00bbon|phone\u00bb text_text_shadow_style=\u00bbpreset3&#8243; text_text_shadow_color=\u00bb#000000&#8243; locked=\u00bboff\u00bb global_colors_info=\u00bb{}\u00bb]<\/p>\n<p>Calidad y precisi\u00f3n desde 1983.<\/p>\n<p>[\/et_pb_text][et_pb_button button_url=\u00bb#prodotti\u00bb button_text=\u00bbDescubre nuestros Productos\u00bb button_alignment_tablet=\u00bb\u00bb button_alignment_phone=\u00bbcenter\u00bb button_alignment_last_edited=\u00bbon|phone\u00bb _builder_version=\u00bb4.27.5&#8243; _module_preset=\u00bbdefault\u00bb custom_button=\u00bbon\u00bb button_text_size=\u00bb16px\u00bb button_text_color=\u00bb#000000&#8243; button_bg_color=\u00bb#FFFFFF\u00bb button_border_width=\u00bb2px\u00bb button_border_radius=\u00bb10px\u00bb button_font=\u00bbMontserrat|700|||||||\u00bb custom_padding=\u00bb14px|20px|14px|20px|true|true\u00bb custom_padding_tablet=\u00bb14px|20px|14px|20px|true|true\u00bb custom_padding_phone=\u00bb5px|10px|5px|10px|true|true\u00bb custom_padding_last_edited=\u00bbon|phone\u00bb animation_style=\u00bbslide\u00bb button_text_size_tablet=\u00bb16px\u00bb button_text_size_phone=\u00bb12px\u00bb button_text_size_last_edited=\u00bbon|phone\u00bb locked=\u00bboff\u00bb global_colors_info=\u00bb{}\u00bb][\/et_pb_button][\/et_pb_column][et_pb_column type=\u00bb1_2&#8243; _builder_version=\u00bb4.20.0&#8243; _module_preset=\u00bbdefault\u00bb animation_style=\u00bbslide\u00bb animation_direction=\u00bbbottom\u00bb animation_speed_curve=\u00bblinear\u00bb global_colors_info=\u00bb{}\u00bb][et_pb_slider show_arrows=\u00bboff\u00bb show_pagination=\u00bboff\u00bb _builder_version=\u00bb4.20.0&#8243; _module_preset=\u00bbdefault\u00bb custom_margin=\u00bb||50px||false|false\u00bb custom_padding=\u00bb220px||220px||true|false\u00bb auto=\u00bbon\u00bb global_colors_info=\u00bb{}\u00bb][et_pb_slide _builder_version=\u00bb4.20.0&#8243; _module_preset=\u00bbdefault\u00bb background_enable_color=\u00bboff\u00bb background_image=\u00bbhttps:\/\/newmecfittings.com\/wp-content\/uploads\/2025\/12\/4-removebg-preview.png\u00bb background_enable_image=\u00bbon\u00bb global_colors_info=\u00bb{}\u00bb sticky_transition=\u00bbon\u00bb][\/et_pb_slide][et_pb_slide _builder_version=\u00bb4.20.0&#8243; _module_preset=\u00bbdefault\u00bb background_enable_color=\u00bboff\u00bb background_image=\u00bbhttps:\/\/newmecfittings.com\/wp-content\/uploads\/2025\/12\/2__1_-removebg-preview.png\u00bb background_enable_image=\u00bbon\u00bb global_colors_info=\u00bb{}\u00bb sticky_transition=\u00bbon\u00bb][\/et_pb_slide][et_pb_slide _builder_version=\u00bb4.20.0&#8243; _module_preset=\u00bbdefault\u00bb background_enable_color=\u00bboff\u00bb background_image=\u00bbhttps:\/\/newmecfittings.com\/wp-content\/uploads\/2025\/12\/1-removebg-preview.png\u00bb background_enable_image=\u00bbon\u00bb global_colors_info=\u00bb{}\u00bb sticky_transition=\u00bbon\u00bb][\/et_pb_slide][et_pb_slide _builder_version=\u00bb4.20.0&#8243; _module_preset=\u00bbdefault\u00bb background_enable_color=\u00bboff\u00bb background_image=\u00bbhttps:\/\/newmecfittings.com\/wp-content\/uploads\/2025\/12\/3-removebg-preview.png\u00bb background_enable_image=\u00bbon\u00bb global_colors_info=\u00bb{}\u00bb sticky_transition=\u00bbon\u00bb][\/et_pb_slide][\/et_pb_slider][\/et_pb_column][\/et_pb_row][\/et_pb_section][et_pb_section fb_built=\u00bb1&#8243; _builder_version=\u00bb4.20.0&#8243; _module_preset=\u00bbdefault\u00bb background_color=\u00bb#ececec\u00bb background_enable_image=\u00bboff\u00bb border_width_top=\u00bb5px\u00bb border_color_top=\u00bb#FFFFFF\u00bb locked=\u00bboff\u00bb global_colors_info=\u00bb{}\u00bb][et_pb_row custom_padding_last_edited=\u00bbon|phone\u00bb module_id=\u00bbprodotti\u00bb _builder_version=\u00bb4.20.0&#8243; _module_preset=\u00bbdefault\u00bb custom_padding_tablet=\u00bb0px||54px||false|false\u00bb custom_padding_phone=\u00bb0px||0px||true|false\u00bb animation_style=\u00bbslide\u00bb global_colors_info=\u00bb{}\u00bb][et_pb_column type=\u00bb4_4&#8243; _builder_version=\u00bb4.20.0&#8243; _module_preset=\u00bbdefault\u00bb global_colors_info=\u00bb{}\u00bb][et_pb_text _builder_version=\u00bb4.27.5&#8243; _module_preset=\u00bbdefault\u00bb text_font=\u00bbMontserrat|900||on|||||\u00bb text_text_color=\u00bb#000000&#8243; text_font_size=\u00bb50px\u00bb text_orientation=\u00bbcenter\u00bb text_font_size_tablet=\u00bb50px\u00bb text_font_size_phone=\u00bb25px\u00bb text_font_size_last_edited=\u00bbon|phone\u00bb global_colors_info=\u00bb{}\u00bb]<\/p>\n<p>Nuestros Productos<\/p>\n<p>[\/et_pb_text][et_pb_text _builder_version=\u00bb4.27.5&#8243; _module_preset=\u00bbdefault\u00bb text_text_color=\u00bb#000000&#8243; text_font_size=\u00bb18px\u00bb text_line_height=\u00bb1.5em\u00bb text_orientation=\u00bbcenter\u00bb global_colors_info=\u00bb{}\u00bb]<\/p>\n<p>Adem\u00e1s de garantizar existencias suficientes de los productos de su gama est\u00e1ndar (de acuerdo con la norma ANSI B16.11), New Mec atiende siempre las solicitudes espec\u00edficas de los clientes, estableciendo con ellos alianzas cuyo objetivo es desarrollar productos que satisfagan cada nueva necesidad.<\/p>\n<p>[\/et_pb_text][\/et_pb_column][\/et_pb_row][et_pb_row column_structure=\u00bb1_3,1_3,1_3&#8243; use_custom_gutter=\u00bbon\u00bb gutter_width=\u00bb2&#8243; make_equal=\u00bbon\u00bb _builder_version=\u00bb4.20.0&#8243; _module_preset=\u00bbdefault\u00bb max_width=\u00bb1500px\u00bb global_colors_info=\u00bb{}\u00bb][et_pb_column type=\u00bb1_3&#8243; _builder_version=\u00bb4.20.0&#8243; _module_preset=\u00bbdefault\u00bb background_color=\u00bb#D6D6D6&#8243; custom_padding=\u00bb20px|10px|20px|10px|true|true\u00bb border_radii=\u00bbon|10px|10px|10px|10px\u00bb global_colors_info=\u00bb{}\u00bb background__hover_enabled=\u00bbon|hover\u00bb background_color__hover=\u00bb#448ecc\u00bb background_enable_color__hover=\u00bbon\u00bb][et_pb_blurb title=\u00bbROSCADOS\u00bb image=\u00bbhttps:\/\/newmecfittings.com\/wp-content\/uploads\/2026\/01\/FOTO-FILETTATI-2.png\u00bb content_max_width=\u00bb250px\u00bb _builder_version=\u00bb4.27.5&#8243; _module_preset=\u00bbdefault\u00bb header_font=\u00bbMontserrat|800|||||||\u00bb header_text_align=\u00bbcenter\u00bb header_text_color=\u00bb#003a47&#8243; background_enable_color=\u00bboff\u00bb custom_padding=\u00bb10px|10px|10px|10px|true|true\u00bb hover_enabled=\u00bb0&#8243; global_colors_info=\u00bb{}\u00bb header_text_color__hover_enabled=\u00bbon|hover\u00bb header_text_color__hover=\u00bb#FFFFFF\u00bb sticky_enabled=\u00bb0&#8243;][\/et_pb_blurb][et_pb_button button_url=\u00bbhttps:\/\/newmecfittings.com\/filettati\/\u00bb button_text=\u00bbDescubre nuestros Productos\u00bb button_alignment=\u00bbcenter\u00bb _builder_version=\u00bb4.27.5&#8243; _module_preset=\u00bbdefault\u00bb custom_button=\u00bbon\u00bb button_text_size=\u00bb13px\u00bb button_text_color=\u00bb#000000&#8243; button_bg_color=\u00bb#FFFFFF\u00bb button_font=\u00bb|800|||||||\u00bb global_colors_info=\u00bb{}\u00bb button_text_color__hover_enabled=\u00bbon|hover\u00bb button_text_color__hover=\u00bb#000000&#8243;][\/et_pb_button][\/et_pb_column][et_pb_column type=\u00bb1_3&#8243; _builder_version=\u00bb4.20.0&#8243; _module_preset=\u00bbdefault\u00bb background_color=\u00bb#D6D6D6&#8243; custom_padding=\u00bb20px|10px|20px|10px|true|true\u00bb border_radii=\u00bbon|10px|10px|10px|10px\u00bb global_colors_info=\u00bb{}\u00bb background__hover_enabled=\u00bbon|hover\u00bb background_color__hover=\u00bb#448ecc\u00bb background_enable_color__hover=\u00bbon\u00bb][et_pb_blurb title=\u00bbSW\u00bb image=\u00bbhttps:\/\/newmecfittings.com\/wp-content\/uploads\/2025\/12\/CALOTTE-SW.png\u00bb content_max_width=\u00bb250px\u00bb _builder_version=\u00bb4.20.0&#8243; _module_preset=\u00bbdefault\u00bb header_font=\u00bbMontserrat|800|||||||\u00bb header_text_align=\u00bbcenter\u00bb header_text_color=\u00bb#003a47&#8243; background_enable_color=\u00bboff\u00bb custom_padding=\u00bb10px|10px|10px|10px|true|true\u00bb global_colors_info=\u00bb{}\u00bb header_text_color__hover_enabled=\u00bbon|hover\u00bb header_text_color__hover=\u00bb#FFFFFF\u00bb][\/et_pb_blurb][et_pb_button button_url=\u00bbhttps:\/\/newmecfittings.com\/sw\/\u00bb button_text=\u00bbDescubre nuestros Productos\u00bb button_alignment=\u00bbcenter\u00bb _builder_version=\u00bb4.27.5&#8243; _module_preset=\u00bbdefault\u00bb custom_button=\u00bbon\u00bb button_text_size=\u00bb13px\u00bb button_text_color=\u00bb#000000&#8243; button_bg_color=\u00bb#FFFFFF\u00bb button_font=\u00bb|800|||||||\u00bb global_colors_info=\u00bb{}\u00bb button_text_color__hover_enabled=\u00bbon|hover\u00bb button_text_color__hover=\u00bb#000000&#8243;][\/et_pb_button][\/et_pb_column][et_pb_column type=\u00bb1_3&#8243; _builder_version=\u00bb4.20.0&#8243; _module_preset=\u00bbdefault\u00bb background_color=\u00bb#D6D6D6&#8243; custom_padding=\u00bb20px|10px|20px|10px|true|true\u00bb border_radii=\u00bbon|10px|10px|10px|10px\u00bb global_colors_info=\u00bb{}\u00bb background__hover_enabled=\u00bbon|hover\u00bb background_color__hover=\u00bb#448ecc\u00bb background_enable_color__hover=\u00bbon\u00bb][et_pb_blurb title=\u00bbOLETS\u00bb image=\u00bbhttps:\/\/newmecfittings.com\/wp-content\/uploads\/2026\/01\/FOTO-OLET-2.png\u00bb content_max_width=\u00bb250px\u00bb _builder_version=\u00bb4.27.5&#8243; _module_preset=\u00bbdefault\u00bb header_font=\u00bbMontserrat|800|||||||\u00bb header_text_align=\u00bbcenter\u00bb header_text_color=\u00bb#003a47&#8243; background_enable_color=\u00bboff\u00bb custom_padding=\u00bb10px|10px|10px|10px|true|true\u00bb hover_enabled=\u00bb0&#8243; global_colors_info=\u00bb{}\u00bb header_text_color__hover_enabled=\u00bbon|hover\u00bb header_text_color__hover=\u00bb#FFFFFF\u00bb sticky_enabled=\u00bb0&#8243;][\/et_pb_blurb][et_pb_button button_url=\u00bbhttps:\/\/newmecfittings.com\/olets\/\u00bb button_text=\u00bbDescubre nuestros Productos\u00bb button_alignment=\u00bbcenter\u00bb _builder_version=\u00bb4.27.5&#8243; _module_preset=\u00bbdefault\u00bb custom_button=\u00bbon\u00bb button_text_size=\u00bb13px\u00bb button_text_color=\u00bb#000000&#8243; button_bg_color=\u00bb#FFFFFF\u00bb button_font=\u00bb|800|||||||\u00bb global_colors_info=\u00bb{}\u00bb button_text_color__hover_enabled=\u00bbon|hover\u00bb button_text_color__hover=\u00bb#000000&#8243;][\/et_pb_button][\/et_pb_column][\/et_pb_row][\/et_pb_section][et_pb_section fb_built=\u00bb1&#8243; _builder_version=\u00bb4.20.0&#8243; _module_preset=\u00bbdefault\u00bb background_color=\u00bb#448ecc\u00bb background_enable_image=\u00bboff\u00bb custom_padding=\u00bb||0px||false|false\u00bb border_width_top=\u00bb5px\u00bb border_color_top=\u00bb#FFFFFF\u00bb locked=\u00bboff\u00bb global_colors_info=\u00bb{}\u00bb][et_pb_row column_structure=\u00bb1_3,1_3,1_3&#8243; use_custom_gutter=\u00bbon\u00bb _builder_version=\u00bb4.20.0&#8243; _module_preset=\u00bbdefault\u00bb width=\u00bb85%\u00bb max_width=\u00bb1200px\u00bb animation_style=\u00bbslide\u00bb global_colors_info=\u00bb{}\u00bb][et_pb_column type=\u00bb1_3&#8243; _builder_version=\u00bb4.20.0&#8243; _module_preset=\u00bbdefault\u00bb global_colors_info=\u00bb{}\u00bb][et_pb_image src=\u00bbhttps:\/\/newmecfittings.com\/wp-content\/uploads\/2025\/12\/NEW-MEC-logo-new-2.png\u00bb _builder_version=\u00bb4.20.0&#8243; _module_preset=\u00bbdefault\u00bb background_enable_color=\u00bboff\u00bb width=\u00bb70%\u00bb global_colors_info=\u00bb{}\u00bb][\/et_pb_image][et_pb_text _builder_version=\u00bb4.20.0&#8243; _module_preset=\u00bbdefault\u00bb text_text_color=\u00bb#FFFFFF\u00bb link_text_color=\u00bb#FFFFFF\u00bb global_colors_info=\u00bb{}\u00bb]<\/p>\n<p><span>New Mec Fittings s.r.l<\/span><br \/>P.IVA 02185610025<\/p>\n<p><a href=\"https:\/\/newmecfittings.com\/es\/privacy-policy\/\">Privacy Policy<\/a><br \/><a href=\"https:\/\/newmecfittings.com\/es\/cookie-policy\/\">Cookie Policy<\/a><\/p>\n<p>[\/et_pb_text][\/et_pb_column][et_pb_column type=\u00bb1_3&#8243; _builder_version=\u00bb4.20.0&#8243; _module_preset=\u00bbdefault\u00bb global_colors_info=\u00bb{}\u00bb][et_pb_text _builder_version=\u00bb4.20.0&#8243; _module_preset=\u00bbdefault\u00bb text_font=\u00bbMontserrat|800||on|||||\u00bb text_text_color=\u00bb#000000&#8243; text_font_size=\u00bb17px\u00bb global_colors_info=\u00bb{}\u00bb]<\/p>\n<p>Cont\u00e1ctanos<\/p>\n<p>[\/et_pb_text][et_pb_text _builder_version=\u00bb4.20.0&#8243; _module_preset=\u00bbdefault\u00bb text_text_color=\u00bb#FFFFFF\u00bb link_text_color=\u00bb#FFFFFF\u00bb global_colors_info=\u00bb{}\u00bb]<\/p>\n<p>SEDE : <a href=\"https:\/\/www.google.com\/maps\/place\/New+Mec+Fittings+S.r.l.\/@45.695249,8.798829,12z\/data=!4m6!3m5!1s0x47868823b368d22d:0x8977ab86d3067e04!8m2!3d45.6952491!4d8.7988286!16s%2Fg%2F11gbf9cfnx?hl=it&amp;entry=ttu&amp;g_ep=EgoyMDI1MTIwOC4wIKXMDSoASAFQAw%3D%3D\" target=\"_blank\" rel=\"noopener\">Via Goffredo Mameli, 147A, Cavaria con Premezzo (VA)<\/a><\/p>\n<p>EMAIL : <a href=\"mailto:info@newmecfittings.it\" target=\"_blank\" rel=\"noopener\">info@newmecfittings.it<\/a><\/p>\n<p>TEL<span>\u00c9<\/span>FONO : <a href=\"tel:+390331219950\">+39 0331219950<\/a><\/p>\n<p>FAX : +39 0331217214<\/p>\n<p>[\/et_pb_text][\/et_pb_column][et_pb_column type=\u00bb1_3&#8243; _builder_version=\u00bb4.20.0&#8243; _module_preset=\u00bbdefault\u00bb global_colors_info=\u00bb{}\u00bb][et_pb_text _builder_version=\u00bb4.20.0&#8243; _module_preset=\u00bbdefault\u00bb text_font=\u00bbMontserrat|800||on|||||\u00bb text_text_color=\u00bb#000000&#8243; text_font_size=\u00bb17px\u00bb global_colors_info=\u00bb{}\u00bb]<\/p>\n<p>Perfiles<\/p>\n<p>[\/et_pb_text][et_pb_blurb title=\u00bbCompany\u00bb url=\u00bbhttps:\/\/www.linkedin.com\/company\/new-mec-fittings-srl\/\u00bb use_icon=\u00bbon\u00bb font_icon=\u00bb&#xe0cb;||divi||400&#8243; icon_color=\u00bb#FFFFFF\u00bb image_icon_background_color=\u00bb#000000&#8243; icon_placement=\u00bbleft\u00bb image_icon_width=\u00bb19px\u00bb _builder_version=\u00bb4.20.0&#8243; _module_preset=\u00bbdefault\u00bb header_text_color=\u00bb#FFFFFF\u00bb header_font_size=\u00bb16px\u00bb custom_margin=\u00bb||7px||false|false\u00bb global_colors_info=\u00bb{}\u00bb][\/et_pb_blurb][et_pb_blurb title=\u00bbLuca Freschi\u00bb use_icon=\u00bbon\u00bb font_icon=\u00bb&#xe0cb;||divi||400&#8243; icon_color=\u00bb#FFFFFF\u00bb image_icon_background_color=\u00bb#000000&#8243; icon_placement=\u00bbleft\u00bb image_icon_width=\u00bb19px\u00bb _builder_version=\u00bb4.20.0&#8243; _module_preset=\u00bbdefault\u00bb header_text_color=\u00bb#FFFFFF\u00bb header_font_size=\u00bb16px\u00bb custom_margin=\u00bb||7px||false|false\u00bb global_colors_info=\u00bb{}\u00bb][\/et_pb_blurb][et_pb_blurb title=\u00bbEdoardo Freschi\u00bb use_icon=\u00bbon\u00bb font_icon=\u00bb&#xe0cb;||divi||400&#8243; icon_color=\u00bb#FFFFFF\u00bb image_icon_background_color=\u00bb#000000&#8243; icon_placement=\u00bbleft\u00bb image_icon_width=\u00bb19px\u00bb _builder_version=\u00bb4.20.0&#8243; _module_preset=\u00bbdefault\u00bb header_text_color=\u00bb#FFFFFF\u00bb header_font_size=\u00bb16px\u00bb global_colors_info=\u00bb{}\u00bb][\/et_pb_blurb][\/et_pb_column][\/et_pb_row][et_pb_row use_custom_gutter=\u00bbon\u00bb make_equal=\u00bbon\u00bb _builder_version=\u00bb4.20.0&#8243; _module_preset=\u00bbdefault\u00bb background_enable_color=\u00bboff\u00bb width=\u00bb100%\u00bb max_width=\u00bb1500px\u00bb custom_padding=\u00bb0px||8px||false|false\u00bb global_colors_info=\u00bb{}\u00bb][et_pb_column type=\u00bb4_4&#8243; _builder_version=\u00bb4.20.0&#8243; _module_preset=\u00bbdefault\u00bb global_colors_info=\u00bb{}\u00bb][et_pb_divider color=\u00bb#FFFFFF\u00bb _builder_version=\u00bb4.20.0&#8243; _module_preset=\u00bbdefault\u00bb width=\u00bb80%\u00bb module_alignment=\u00bbcenter\u00bb custom_margin=\u00bb||-5px||false|false\u00bb global_colors_info=\u00bb{}\u00bb][\/et_pb_divider][et_pb_text _builder_version=\u00bb4.20.0&#8243; _module_preset=\u00bbdefault\u00bb text_text_color=\u00bb#FFFFFF\u00bb link_text_color=\u00bb#FFFFFF\u00bb text_orientation=\u00bbcenter\u00bb background_layout=\u00bbdark\u00bb global_colors_info=\u00bb{}\u00bb]<\/p>\n<p><span>\u00a9 Copyright <\/span><span>2025 | New Mec Fittings s.r.l &#8211; P.iva 02185610025<\/span>| All rights reserved | Developed by <strong><a href=\"https:\/\/admwebagency.it\/\" target=\"_blank\" rel=\"noopener\">ADM<\/a><\/strong><\/p>\n<p>[\/et_pb_text][\/et_pb_column][\/et_pb_row][\/et_pb_section]<\/p>\n","protected":false},"excerpt":{"rendered":"<p>NUESTROS PRODUCTOSPara los sectores Oil\/Gas, Energ\u00eda e Instalaciones Industriales.Calidad y precisi\u00f3n desde 1983.Nuestros ProductosAdem\u00e1s de garantizar existencias suficientes de los productos de su gama est\u00e1ndar (de acuerdo con la norma ANSI B16.11), New Mec atiende siempre las solicitudes espec\u00edficas de los clientes, estableciendo con ellos alianzas cuyo objetivo es desarrollar productos que satisfagan cada nueva [&hellip;]<\/p>\n","protected":false},"author":1,"featured_media":0,"parent":0,"menu_order":0,"comment_status":"closed","ping_status":"closed","template":"","meta":{"_et_pb_use_builder":"on","_et_pb_old_content":"","_et_gb_content_width":"","footnotes":""},"class_list":["post-835","page","type-page","status-publish","hentry"],"yoast_head":"<!-- This site is optimized with the Yoast SEO plugin v26.7 - https:\/\/yoast.com\/wordpress\/plugins\/seo\/ -->\n<title>Productos - newmecfittings.it<\/title>\n<meta name=\"robots\" content=\"index, follow, max-snippet:-1, max-image-preview:large, max-video-preview:-1\" \/>\n<link rel=\"canonical\" href=\"https:\/\/newmecfittings.com\/es\/productos\/\" \/>\n<meta property=\"og:locale\" content=\"es_ES\" \/>\n<meta property=\"og:type\" content=\"article\" \/>\n<meta property=\"og:title\" content=\"Productos - newmecfittings.it\" \/>\n<meta property=\"og:description\" content=\"NUESTROS PRODUCTOSPara los sectores Oil\/Gas, Energ\u00eda e Instalaciones Industriales.Calidad y precisi\u00f3n desde 1983.Nuestros ProductosAdem\u00e1s de garantizar existencias suficientes de los productos de su gama est\u00e1ndar (de acuerdo con la norma ANSI B16.11), New Mec atiende siempre las solicitudes espec\u00edficas de los clientes, estableciendo con ellos alianzas cuyo objetivo es desarrollar productos que satisfagan cada nueva [&hellip;]\" \/>\n<meta property=\"og:url\" content=\"https:\/\/newmecfittings.com\/es\/productos\/\" \/>\n<meta property=\"og:site_name\" content=\"newmecfittings.it\" \/>\n<meta property=\"article:modified_time\" content=\"2026-01-27T08:02:56+00:00\" \/>\n<meta name=\"twitter:card\" content=\"summary_large_image\" \/>\n<meta name=\"twitter:label1\" content=\"Tiempo de lectura\" \/>\n\t<meta name=\"twitter:data1\" content=\"1 minuto\" \/>\n<script type=\"application\/ld+json\" class=\"yoast-schema-graph\">{\"@context\":\"https:\/\/schema.org\",\"@graph\":[{\"@type\":\"WebPage\",\"@id\":\"https:\/\/newmecfittings.com\/es\/productos\/\",\"url\":\"https:\/\/newmecfittings.com\/es\/productos\/\",\"name\":\"Productos - newmecfittings.it\",\"isPartOf\":{\"@id\":\"https:\/\/newmecfittings.com\/es\/#website\"},\"datePublished\":\"2025-12-17T13:35:28+00:00\",\"dateModified\":\"2026-01-27T08:02:56+00:00\",\"breadcrumb\":{\"@id\":\"https:\/\/newmecfittings.com\/es\/productos\/#breadcrumb\"},\"inLanguage\":\"es\",\"potentialAction\":[{\"@type\":\"ReadAction\",\"target\":[\"https:\/\/newmecfittings.com\/es\/productos\/\"]}]},{\"@type\":\"BreadcrumbList\",\"@id\":\"https:\/\/newmecfittings.com\/es\/productos\/#breadcrumb\",\"itemListElement\":[{\"@type\":\"ListItem\",\"position\":1,\"name\":\"Home\",\"item\":\"https:\/\/newmecfittings.com\/es\/\"},{\"@type\":\"ListItem\",\"position\":2,\"name\":\"Productos\"}]},{\"@type\":\"WebSite\",\"@id\":\"https:\/\/newmecfittings.com\/es\/#website\",\"url\":\"https:\/\/newmecfittings.com\/es\/\",\"name\":\"newmecfittings.it\",\"description\":\"\",\"publisher\":{\"@id\":\"https:\/\/newmecfittings.com\/es\/#organization\"},\"potentialAction\":[{\"@type\":\"SearchAction\",\"target\":{\"@type\":\"EntryPoint\",\"urlTemplate\":\"https:\/\/newmecfittings.com\/es\/?s={search_term_string}\"},\"query-input\":{\"@type\":\"PropertyValueSpecification\",\"valueRequired\":true,\"valueName\":\"search_term_string\"}}],\"inLanguage\":\"es\"},{\"@type\":\"Organization\",\"@id\":\"https:\/\/newmecfittings.com\/es\/#organization\",\"name\":\"newmecfittings.it\",\"url\":\"https:\/\/newmecfittings.com\/es\/\",\"logo\":{\"@type\":\"ImageObject\",\"inLanguage\":\"es\",\"@id\":\"https:\/\/newmecfittings.com\/es\/#\/schema\/logo\/image\/\",\"url\":\"https:\/\/newmecfittings.com\/wp-content\/uploads\/2025\/12\/NEW-MEC-logo-new-2.png\",\"contentUrl\":\"https:\/\/newmecfittings.com\/wp-content\/uploads\/2025\/12\/NEW-MEC-logo-new-2.png\",\"width\":400,\"height\":100,\"caption\":\"newmecfittings.it\"},\"image\":{\"@id\":\"https:\/\/newmecfittings.com\/es\/#\/schema\/logo\/image\/\"}}]}<\/script>\n<!-- \/ Yoast SEO plugin. -->","yoast_head_json":{"title":"Productos - newmecfittings.it","robots":{"index":"index","follow":"follow","max-snippet":"max-snippet:-1","max-image-preview":"max-image-preview:large","max-video-preview":"max-video-preview:-1"},"canonical":"https:\/\/newmecfittings.com\/es\/productos\/","og_locale":"es_ES","og_type":"article","og_title":"Productos - newmecfittings.it","og_description":"NUESTROS PRODUCTOSPara los sectores Oil\/Gas, Energ\u00eda e Instalaciones Industriales.Calidad y precisi\u00f3n desde 1983.Nuestros ProductosAdem\u00e1s de garantizar existencias suficientes de los productos de su gama est\u00e1ndar (de acuerdo con la norma ANSI B16.11), New Mec atiende siempre las solicitudes espec\u00edficas de los clientes, estableciendo con ellos alianzas cuyo objetivo es desarrollar productos que satisfagan cada nueva [&hellip;]","og_url":"https:\/\/newmecfittings.com\/es\/productos\/","og_site_name":"newmecfittings.it","article_modified_time":"2026-01-27T08:02:56+00:00","twitter_card":"summary_large_image","twitter_misc":{"Tiempo de lectura":"1 minuto"},"schema":{"@context":"https:\/\/schema.org","@graph":[{"@type":"WebPage","@id":"https:\/\/newmecfittings.com\/es\/productos\/","url":"https:\/\/newmecfittings.com\/es\/productos\/","name":"Productos - newmecfittings.it","isPartOf":{"@id":"https:\/\/newmecfittings.com\/es\/#website"},"datePublished":"2025-12-17T13:35:28+00:00","dateModified":"2026-01-27T08:02:56+00:00","breadcrumb":{"@id":"https:\/\/newmecfittings.com\/es\/productos\/#breadcrumb"},"inLanguage":"es","potentialAction":[{"@type":"ReadAction","target":["https:\/\/newmecfittings.com\/es\/productos\/"]}]},{"@type":"BreadcrumbList","@id":"https:\/\/newmecfittings.com\/es\/productos\/#breadcrumb","itemListElement":[{"@type":"ListItem","position":1,"name":"Home","item":"https:\/\/newmecfittings.com\/es\/"},{"@type":"ListItem","position":2,"name":"Productos"}]},{"@type":"WebSite","@id":"https:\/\/newmecfittings.com\/es\/#website","url":"https:\/\/newmecfittings.com\/es\/","name":"newmecfittings.it","description":"","publisher":{"@id":"https:\/\/newmecfittings.com\/es\/#organization"},"potentialAction":[{"@type":"SearchAction","target":{"@type":"EntryPoint","urlTemplate":"https:\/\/newmecfittings.com\/es\/?s={search_term_string}"},"query-input":{"@type":"PropertyValueSpecification","valueRequired":true,"valueName":"search_term_string"}}],"inLanguage":"es"},{"@type":"Organization","@id":"https:\/\/newmecfittings.com\/es\/#organization","name":"newmecfittings.it","url":"https:\/\/newmecfittings.com\/es\/","logo":{"@type":"ImageObject","inLanguage":"es","@id":"https:\/\/newmecfittings.com\/es\/#\/schema\/logo\/image\/","url":"https:\/\/newmecfittings.com\/wp-content\/uploads\/2025\/12\/NEW-MEC-logo-new-2.png","contentUrl":"https:\/\/newmecfittings.com\/wp-content\/uploads\/2025\/12\/NEW-MEC-logo-new-2.png","width":400,"height":100,"caption":"newmecfittings.it"},"image":{"@id":"https:\/\/newmecfittings.com\/es\/#\/schema\/logo\/image\/"}}]}},"_links":{"self":[{"href":"https:\/\/newmecfittings.com\/es\/wp-json\/wp\/v2\/pages\/835","targetHints":{"allow":["GET"]}}],"collection":[{"href":"https:\/\/newmecfittings.com\/es\/wp-json\/wp\/v2\/pages"}],"about":[{"href":"https:\/\/newmecfittings.com\/es\/wp-json\/wp\/v2\/types\/page"}],"author":[{"embeddable":true,"href":"https:\/\/newmecfittings.com\/es\/wp-json\/wp\/v2\/users\/1"}],"replies":[{"embeddable":true,"href":"https:\/\/newmecfittings.com\/es\/wp-json\/wp\/v2\/comments?post=835"}],"version-history":[{"count":6,"href":"https:\/\/newmecfittings.com\/es\/wp-json\/wp\/v2\/pages\/835\/revisions"}],"predecessor-version":[{"id":914,"href":"https:\/\/newmecfittings.com\/es\/wp-json\/wp\/v2\/pages\/835\/revisions\/914"}],"wp:attachment":[{"href":"https:\/\/newmecfittings.com\/es\/wp-json\/wp\/v2\/media?parent=835"}],"curies":[{"name":"wp","href":"https:\/\/api.w.org\/{rel}","templated":true}]}}